{"id":13,"date":"2017-09-30T12:46:17","date_gmt":"2017-09-30T12:46:17","guid":{"rendered":"https:\/\/demo.amplethemes.com\/business-epic\/?page_id=13"},"modified":"2022-06-04T14:31:18","modified_gmt":"2022-06-04T14:31:18","slug":"home-2","status":"publish","type":"page","link":"https:\/\/debiason.info\/","title":{"rendered":""},"content":{"rendered":"<p><strong>testIpsum<\/strong>&nbsp;is simply dummy text of the printing and typesetting industry. Lorem Ipsum has been the industry&#8217;s standard dummy text ever since the 1500s, when an unknown printer took a galley of type and scrambled it to make a type specimen book. It has survived not only five centuries, but also the leap into electronic typesetting, remaining essentially unchanged. It was popularised in the 1960s with the release of Letraset sheets containing Lorem Ipsum passages, and more recently with desktop publishing software like Aldus PageMaker including versions of Lorem Ipsum.<\/p>\n<p><strong>Lorem Ipsum<\/strong>&nbsp;is simply dummy text of the printing and typesetting industry. Lorem Ipsum has been the industry&#8217;s standard dummy text&nbsp;ever since the 1500s, when an unknown printer took a galley of type and scrambled it to make a type specimen book. It has survived not only five centuries, but also the leap into electronic typesetting, remaining essentially unchanged.&nbsp;ever since the 1500s, when an unknown printer took a galley of type and scrambled it to make a type specimen book. It has survived not only five centuries, but also the leap into electronic typesetting, remaining essentially unchanged.<\/p>\n<p><span style=\"font-size: large;\">Toyota Yaris GR<\/span><\/p>\n<p>Es gab schon fr\u00fcher vom Motorsport inspirierte Versionen des Yaris \u2013 wir fuhren 2018 den aufgeladenen GRMN \u2013 aber der GR ist radikal anders. Mit dem europ\u00e4ischen Yaris oder dem ehemaligen amerikanischen Yaris hat der Zweit\u00fcrer GR au\u00dfer seinem Namen nur noch wenig gemeinsam. Obwohl sein Radstand derselbe ist, sitzt er auf einer Franken-Plattform-Version der Toyota-Architektur. Der Yaris GR kombiniert die Frontstruktur des regul\u00e4ren Yaris mit einem Heckbereich, der unter Verwendung der GA-C-Architektur hergestellt wurde, die Corolla und C-HR untermauert. Die Mehrlenker-Hinterradaufh\u00e4ngung hat eine radikal verbreiterte hintere Spurweite, au\u00dferdem gibt es einen Unterflurtunnel, um die Antriebswelle der Hinterachse zu verpacken. Die einzigen Teile, die GR und Euro Yaris gemeinsam haben, sind die Scheinwerfer, R\u00fccklichter, Seitenspiegel und die Antenne auf dem Dach.<\/p>\n<div class=\"separator\" style=\"clear: both; text-align: center;\"><img loading=\"lazy\" decoding=\"async\" src=\"https:\/\/blogger.googleusercontent.com\/img\/a\/AVvXsEhEII2SuBeCor_ZjSOq9q-ZSNbTCoixouC_FlOpwH0olzWEzOUrd82us6pJS3J5i3oJ1IW5NikFoIE8uIKXr9S3DiO5BTfNEYPjkUZbdo4zz-FTbxE63HQRRjN3GUrKi8nSY9Ew3zJJ_N0bLIRvtcG7WvICSEaO8bpEVas8-KqrUU4ujTlTVykafW5i\" alt=\"\" width=\"320\" height=\"180\" data-original-height=\"1291\" data-original-width=\"2296\"><\/div>\n<p>Der Yaris GRMN von vor einigen Jahren verwendete einen von Lotus getunten 1,8-Liter-Vierzylinder-Kompressormotor. Trotz des Verlusts eines Zylinders und etwas Hubraums hat der Motor des GR mehr Leistung als die vier des GRMN. Der turboaufgeladene 1,6-Liter-Dreizylinder ist eng mit dem in der Junioren-Rallye-Weltmeisterschaft 2 eingesetzten verwandt und mit 257 PS der st\u00e4rkste Serien-Dreizylinder der Welt. Es wurde kein Versuch unternommen, seinen turbogeladenen Charakter zu verbergen. Es ist z\u00f6gerlich und tr\u00e4ge bei niedrigen Drehzahlen mit einer elastischen Leistungsabgabe, wenn sich der Turbo-Boost aufbaut, <a href=\"https:\/\/justcars.info\/de\/toyota-yaris-xp210-gr-16-261-hp-gr-four\/4\/\" rel=\"dofollow\">toyota yaris gr technische daten<\/a>. Es klingt gro\u00dfartig \u2013 wie viele Dreiknaller hat es bei harter Arbeit fast den klanglichen Charakter eines V-6 \u2013 und es zieht scharf auf eine Drehzahl von 7200 U \/ min.<\/p>\n<p><span style=\"font-size: large;\">Nissan Silvia s15<\/span><\/p>\n<p><span style=\"font-size: large;\">&nbsp;<\/span><\/p>\n<p>Nissans Ruf mit dem Silvia in Amerika wurde durch zwei ungl\u00fcckliche Entscheidungen getr\u00fcbt. Die erste bestand darin, die S13- und S14-Generationen des Autos mit dem Lkw-Motor des Nissan Pathfinder anstelle der hervorragenden aufgeladenen Variante des SR20DE-Motors des Infiniti G20 und des Nissan SE-R zu satteln. Infolgedessen erhielt der \u201e240SX\u201c in einer Welt, in der die Celica einen Turbo bot und die Prelude eine Reihe erhabener, hochdrehender Kurzhubmotoren bot, nie wirklich die volle Anerkennung f\u00fcr sportliche Absichten. Die zweite Entscheidung war, den schnittigen <a href=\"https:\/\/justcars.info\/de\/nissan-silvia-s15-20-i-16v-t-250-hp\/4\/\" rel=\"dofollow\">nissan silvia s15<\/a> zu Hause zu lassen. Die letzte Silvia mit ihrem \u201eBlacktop\u201c SR20DET lebt mit dem R34 Skyline GT-R in der Fantasie von Pocky-kauenden Weeaboo-Kellerbewohnern \u00fcberall.<\/p>\n<p><span style=\"font-size: large;\">&nbsp;<\/span><\/p>\n<p>&nbsp;<\/p>\n<div class=\"separator\" style=\"clear: both; text-align: center;\"><span style=\"font-size: large;\"><img loading=\"lazy\" decoding=\"async\" src=\"https:\/\/blogger.googleusercontent.com\/img\/a\/AVvXsEhI3vmFdDHMz7uTbosxX6Z5nE53vTF6GL4QxLfFCo4GuRRsAmUxhG0gLC5r55ygChBH0vQUoTH-NYZhNYr4MB_K-05PmEEDVbV8w11M74W-Uogo8O39493pPMbjpq7YZTlm-Sas2KnmTtVr-81QukvZ8Hut1TJFOaEWs4gSTWhbslhjd1YndFHwbyol\" alt=\"\" width=\"320\" height=\"213\" data-original-height=\"300\" data-original-width=\"450\"><\/span><\/div>\n<p>&nbsp;<\/p>\n<p>&nbsp;<\/p>\n<p>&nbsp;<\/p>\n<p>Leider ist Ihr bescheidener Autor ein bisschen wie ein Pocky-kauender Weeaboo-Kellerbewohner, wenn es um japanische Autos auf dem heimischen Markt geht. Als ich also w\u00e4hrend meiner letzten Reise zum Sepang International Circuit zuf\u00e4llig einen getunten S15 sah, habe ich geworfen ein authentisch amerikanischer Wutanfall, bis sie mich das Ding fahren lassen.<\/p>\n<p><span style=\"font-size: large;\">&nbsp;<\/span><\/p>\n<p><span style=\"font-size: large;\">Bmw 540i<\/span><\/p>\n<p>BMW hat mehrere optionale Funktionen aus dem Bestellblatt der 5er-Reihe f\u00fcr 2022 gestrichen, darunter den integrierten WLAN-Hotspot, die Fernstartfunktion und das kabellose Laden von Smartphones. Die Parkassistenz- und Executive-Pakete sind jetzt nur noch f\u00fcr das Top-Modell M550i verf\u00fcgbar, und die Innenausstattung in Dark Graphite Metallic ist nicht mehr verf\u00fcgbar.<\/p>\n<div class=\"separator\" style=\"clear: both; text-align: center;\"><img loading=\"lazy\" decoding=\"async\" src=\"https:\/\/blogger.googleusercontent.com\/img\/a\/AVvXsEjbds9yB5S1RjyjZT8N6J3Vo5XX4n3pSjo_1qiFZAxGww_G_Jmni5H7JZYfMWkyrDByhg7n19EX5TU7ovYWRrB1Fd7jCwqdScxWkBJt81XXWHVlxZ_c7j6-gHHhCSFal7fKL9MbH7QhuI54UnL9YIU1rPgP7TTw_n8hz7XAPfKLuXrIXzkkBvruaYin\" alt=\"\" width=\"320\" height=\"240\" data-original-height=\"194\" data-original-width=\"259\"><\/div>\n<p>Der <a href=\"https:\/\/justcars.info\/de\/bmw-5-series-sedan-g30-540i-340-hp-steptronic\/4\/\" rel=\"dofollow\">bmw 540i technische daten<\/a> ist weiterhin das beste Preis-Leistungs-Verh\u00e4ltnis in der 5er-Reihe und bietet eine gute Balance zwischen Leistung und Komfort. Dieses Modell ist standardm\u00e4\u00dfig mit Hinterradantrieb ausgestattet, aber Allradantrieb ist verf\u00fcgbar. Das verf\u00fcgbare Komfortpaket scheint eine kluge Erg\u00e4nzung zu sein, da es beheizbare Vordersitze und einen elektrisch betriebenen Kofferraumdeckel umfasst. Um die fortschrittliche halbautonome Fahrtechnologie der 5er-Reihe freizuschalten, entscheiden Sie sich f\u00fcr das Fahrassistenz-Plus-Paket.<\/p>\n<p><span style=\"font-size: large;\">Bmw 440i<\/span><\/p>\n<p><span style=\"font-size: large;\">&nbsp;<\/span><\/p>\n<p>BMW hat f\u00fcr 2022 keine gr\u00f6\u00dferen \u00c4nderungen am Coup\u00e9 und Cabrio der 4er-Reihe vorgenommen, aber es gibt ein paar kleine, die eine Erw\u00e4hnung verdienen. Das leistungsst\u00e4rkere Coup\u00e9-Modell <a href=\"https:\/\/justcars.info\/de\/bmw-4-series-coupe-g22-m440i-374-hp-mhev-steptronic\/4\/\" rel=\"dofollow\">bmw 440i technische daten<\/a> ist jetzt in einer Konfiguration mit Hinterradantrieb erh\u00e4ltlich, und alle Verkleidungen sind jetzt standardm\u00e4\u00dfig mit Ambiente-Innenbeleuchtung ausgestattet. Das optionale Premium-Paket umfasst jetzt eine elektrische Lordosenst\u00fctze, ein Head-up-Display und eine Gestensteuerung f\u00fcr das Infotainmentsystem des Fahrzeugs. Zwei neue Farben werden angeboten \u2013 Brooklyn Grey Metallic und Aventurin Red Metallic \u2013, w\u00e4hrend die Standard-Kunstlederpolsterung des Autos jetzt perforiert ist.<\/p>\n<div class=\"separator\" style=\"clear: both; text-align: center;\"><img loading=\"lazy\" decoding=\"async\" src=\"https:\/\/blogger.googleusercontent.com\/img\/a\/AVvXsEiEdQpg8A1H-yo9RN70TYTKCxUBex-9JcI5j8d4qgxEOhihjB1qiN9vc6F6i-i4ZZcUgAagQOiUssPTvsT3S15p0IMc6BmaftIq968LLGsdFMkSXUlJ-20MMD20mCkuCO35_H0vAlECMtkVSlqPad8kBseXfP2xEWF2Fg2aEzeegbN7EOX99ad8QqtR\" alt=\"\" width=\"320\" height=\"216\" data-original-height=\"1283\" data-original-width=\"1900\"><\/div>\n<p>Wir glauben, dass der turbogeladene Reihensechszylinder im M440i-Modell die Wahl der Enthusiasten sein wird, aber der Preisaufschlag von fast 11.000 US-Dollar k\u00f6nnte einige K\u00e4ufer abschrecken. Dieser Preisanstieg ist jedoch mit einer Menge zus\u00e4tzlicher Ausr\u00fcstung verbunden, falls Sie mehr Gr\u00fcnde brauchen, um die Kosten zu rechtfertigen. Der M440i ist mit einzigartigen M Sport 18-Zoll-R\u00e4dern mit Notlaufreifen, der M Sport-Aufh\u00e4ngung und dem hinteren Differenzial, einem Heckspoiler, einem mit Kunstleder umwickelten Armaturenbrett und vielem mehr ausgestattet. Ein Cabrio-Modell wird ebenfalls angeboten, aber der Wechsel zum Softtop-Karosseriestil erh\u00f6ht den Grundpreis um 7500 US-Dollar.<\/p>\n<p><span style=\"font-size: large;\">&nbsp;<\/span><\/p>\n<p><span style=\"font-size: large;\">&nbsp;<\/span><\/p>\n<h2>Deneme Bonusu Nedir?<\/h2>\n<div>\n<\/div>\n<div>En iyi online bahis siteleri &#8216;bedava&#8217; <a href=\"https:\/\/team-sog.com\/\">deneme bonusu<\/a> vermeye devam ediyor. Bu t\u00fcr bir promosyon, bir bonus kazanman\u0131za ve para yat\u0131rmadan para kazanman\u0131za olanak tan\u0131r. Yani bedava \u00f6\u011fle yeme\u011fi diye bir \u015fey olmad\u0131\u011f\u0131n\u0131 m\u0131 s\u00f6yl\u00fcyorlar? Bizler \u00e7evrimi\u00e7i kumarhanelerde oynamay\u0131 severiz. Bu nedenle, param\u0131z\u0131 daha da uzatan bedava deneme bonuslar\u0131n\u0131 do\u011fal olarak seviyoruz.<br \/>\nBu nedenle ekibimiz, para yat\u0131r\u0131ms\u0131z bonuslar\u0131 nerede bulaca\u011f\u0131n\u0131z, para yat\u0131rmadan bonuslar\u0131 nas\u0131l talep edece\u011finiz, para \u00e7ekme k\u0131s\u0131tlamalar\u0131 ve daha fazlas\u0131 dahil olmak \u00fczere, para yat\u0131rmadan bonuslar hakk\u0131nda bilmeniz gereken her \u015feyi kapsayan bu kapsaml\u0131 k\u0131lavuzu yazd\u0131.<\/div>\n<div>\n<\/div>\n<div>Ba\u015flaman\u0131z i\u00e7in, yukar\u0131daki listeyi b\u00f6lgenizde hizmet veren en iyi \u00e7evrim i\u00e7i <a href=\"https:\/\/tr.wikipedia.org\/wiki\/Bahis\">bahis<\/a> yat\u0131r\u0131m \u015farts\u0131z <i>deneme bonusu <\/i>se\u00e7enekleriyle derledik. Bu k\u0131lavuzu s\u00fcrekli olarak yeni tekliflerle g\u00fcncelledi\u011fimiz i\u00e7in, bu sayfay\u0131 favorilerinize ekleyin ve en son <b>deneme bonusu<\/b> promosyonlar\u0131ndan haberdar olmak i\u00e7in bizi d\u00fczenli olarak ziyaret edin. <a href=\"https:\/\/team-sog.com\/\">Deneme bonusu veren siteler<\/a> a\u015fa\u011f\u0131daki listeden&nbsp;ula\u015fabilirsiniz. Sitelerin deneme bonusu miktari genellikle <b>30 TL<\/b>, <b>50 TL<\/b>, <b>100<\/b> TL&#8217;dir.<\/div>\n<div>\n<\/div>\n<div>\n<ol style=\"text-align: left;\">\n<li><a href=\"https:\/\/bwin.com\/\">https:\/\/bwin.com\/<\/a><\/li>\n<li><a href=\"https:\/\/www.bets10.com\/\">https:\/\/www.bets10.com\/<\/a><\/li>\n<li><a href=\"https:\/\/www.bet365.com\/\">https:\/\/www.bet365.com\/<\/a><\/li>\n<\/ol>\n<div>\n<\/div>\n<\/div>\n<h3>Avantaj\u0131 Nelerdir?<\/h3>\n<div>\n<\/div>\n<div>&nbsp;\u25cf \u00c7ok Say\u0131da Se\u00e7enek: Slotlar genellikle para yat\u0131rma bonusu almaya uygun olmasa da, se\u00e7ebilece\u011finiz m\u00fcmk\u00fcn oldu\u011funca \u00e7ok oyun olmas\u0131n\u0131 istiyoruz. Ekibimiz, \u00e7e\u015fitli sa\u011flay\u0131c\u0131lardan en \u00e7e\u015fitli \u00e7evrimi\u00e7i slot se\u00e7eneklerine ev sahipli\u011fi yapan kumarhaneleri se\u00e7er.<\/div>\n<div>\n<\/div>\n<div>\u25cf Talep Edilmesi Kolay: Para <b>yat\u0131rma bonusu<\/b> nadir oldu\u011fundan, talep edilmesi genellikle di\u011fer online casino bonuslar\u0131ndan daha zordur. Bu bonuslar\u0131 kullanman\u0131z\u0131 kolayla\u015ft\u0131rmak i\u00e7in en rahat \u015fart ve ko\u015fullara sahip kumarhaneleri ar\u0131yoruz.<\/div>\n<div>\n<\/div>\n<div>\u25cf Para Yat\u0131rma Gerekmez: Ger\u00e7ek para yat\u0131rma bonuslar\u0131n\u0131 vurgulamal\u0131 ve para yat\u0131rma gerektiren ve gerektirmeyen promosyonlar aras\u0131nda net bir ayr\u0131m yapmal\u0131y\u0131z. Listeledi\u011fimiz baz\u0131 kumarhaneler, para yat\u0131rma tekliflerinin yan\u0131 s\u0131ra para yat\u0131rma e\u015fle\u015ftirme bonusu se\u00e7enekleri de sunacakt\u0131r.<\/div>\n<div>\n<\/div>\n<div>\u25cf Bahis Gereksinimleri: Casino ve spor alan\u0131nda <i>\u00fccretsiz<\/i> paraya alabilece\u011finiz kadar yak\u0131n depozito anla\u015fmas\u0131 yoktur. Tahmin edebilece\u011finiz gibi, casino siteleri yat\u0131r\u0131ms\u0131z bonuslar\u0131n \u00fczerine y\u00fcksek bahis gereksinimleri koyar. Bizim i\u015fimiz, en dost\u00e7a bahis gereksinimlerine sahip casino sitelerini bulmak.<\/div>\n<div>\n<\/div>\n<div>\u25cf \u00d6deme Y\u00f6ntemleri: Para yat\u0131rma ve \u00e7ekme ile ilgili herhangi bir k\u0131s\u0131tlamadan ka\u00e7\u0131nmak i\u00e7in, en esnek \u00e7evrimi\u00e7i para yat\u0131rma bonusu olmayan kumarhane sitelerini ar\u0131yoruz. Bu, para yat\u0131rma ve \u00e7ekme i\u015flemlerinizi kar\u015f\u0131lamak i\u00e7in en iyi \u00f6deme y\u00f6ntemleri grubu anlam\u0131na gelir.<\/div>\n<div>\n<\/div>\n<div>\u25cf H\u0131zl\u0131 Para \u00c7ekme: Kazan\u00e7lar\u0131n\u0131z\u0131 alman\u0131n ne kadar s\u00fcrece\u011fi, kulland\u0131\u011f\u0131n\u0131z \u00f6deme y\u00f6ntemine ba\u011fl\u0131d\u0131r. Ancak, baz\u0131 kumarhaneler di\u011ferlerinden daha uzun i\u015flem s\u00fcrelerine sahip olabilir. Nakitinizi m\u00fcmk\u00fcn oldu\u011funca \u00e7abuk alman\u0131z\u0131 istiyoruz, bu y\u00fczden en h\u0131zl\u0131 para \u00e7ekme i\u015flemine sahip \u00e7evrimi\u00e7i kumarhaneleri \u00f6neriyoruz.<\/div>\n<div>\n<\/div>\n<div>\u25cf Mobil Deneyim: T\u00fcm mobil kumarhaneler e\u015fit yarat\u0131lmam\u0131\u015ft\u0131r, bu nedenle ekibimiz inceledi\u011fimiz t\u00fcm kumarhaneleri titizlikle de\u011ferlendirir ve bu sayfada size en iyisini sunar. \u0130ster mobilde ister masa\u00fcst\u00fcnde sorunsuz oyun oynamay\u0131 ve eri\u015fimi hak ediyorsunuz.<\/div>\n","protected":false},"excerpt":{"rendered":"<p>testIpsum&nbsp;is simply dummy text of the printing and typesetting industry. Lorem Ipsum has been the industry&#8217;s standard dummy text ever since the 1500s, when an unknown printer took a galley of type and scrambled it to make a type specimen book. It has survived not only five centuries, but also the leap into electronic typesetting, [&hellip;]<\/p>\n","protected":false},"author":1,"featured_media":14,"parent":0,"menu_order":0,"comment_status":"closed","ping_status":"closed","template":"","meta":{"footnotes":""},"class_list":["post-13","page","type-page","status-publish","has-post-thumbnail","hentry"],"_links":{"self":[{"href":"https:\/\/debiason.info\/index.php?rest_route=\/wp\/v2\/pages\/13"}],"collection":[{"href":"https:\/\/debiason.info\/index.php?rest_route=\/wp\/v2\/pages"}],"about":[{"href":"https:\/\/debiason.info\/index.php?rest_route=\/wp\/v2\/types\/page"}],"author":[{"embeddable":true,"href":"https:\/\/debiason.info\/index.php?rest_route=\/wp\/v2\/users\/1"}],"replies":[{"embeddable":true,"href":"https:\/\/debiason.info\/index.php?rest_route=%2Fwp%2Fv2%2Fcomments&post=13"}],"version-history":[{"count":8,"href":"https:\/\/debiason.info\/index.php?rest_route=\/wp\/v2\/pages\/13\/revisions"}],"predecessor-version":[{"id":2975,"href":"https:\/\/debiason.info\/index.php?rest_route=\/wp\/v2\/pages\/13\/revisions\/2975"}],"wp:featuredmedia":[{"embeddable":true,"href":"https:\/\/debiason.info\/index.php?rest_route=\/wp\/v2\/media\/14"}],"wp:attachment":[{"href":"https:\/\/debiason.info\/index.php?rest_route=%2Fwp%2Fv2%2Fmedia&parent=13"}],"curies":[{"name":"wp","href":"https:\/\/api.w.org\/{rel}","templated":true}]}}